{"id":120,"date":"2022-03-18T11:46:28","date_gmt":"2022-03-18T10:46:28","guid":{"rendered":"https:\/\/buw.com\/?page_id=120"},"modified":"2022-03-23T14:19:14","modified_gmt":"2022-03-23T13:19:14","slug":"sie-bestellen-wir-machen-den-rest","status":"publish","type":"page","link":"https:\/\/www.buw.com\/?page_id=120","title":{"rendered":"Sie bestellen, wir machen den Rest!"},"content":{"rendered":"<p style=\"text-align: justify;\">Das waren noch Zeiten! Ein Kunde bestellt 100.000 Briefb\u00f6gen. Wir drucken sie, packen sie auf eine Europalette, und dann ab damit zur Warenannahme unseres Kunden! Heute sehen die Auftr\u00e4ge anders aus: Wir produzieren 100.000 Briefbogenvordrucke und lagern sie ein. In den Folgewochen und -monaten bestellen die Filialen unseres Kunden mal 500, mal 1.000 Briefb\u00f6gen. Wir drucken die individuellen Daten ein und versenden die Einzelbestellungen an den jeweiligen Empf\u00e4nger. So werden aus einem einfachen Druckjob ein- bis zweihundert Kleinauftr\u00e4ge mit entsprechendem Lager- und Versandaufwand!<\/p>\n<p style=\"text-align: justify;\">Produktionsoptimierung, Auslagerung aufw\u00e4ndiger Lager- und Logistikleistungen und enge Kosten- und Budgetkontrollen sind l\u00e4ngst zu Stellschrauben von Kostensenkungsprozessen unserer Kunden geworden. Unsere Branche bejammert diese Entwicklungen h\u00e4ufig. Wir dagegen freuen uns dar\u00fcber. Denn so k\u00f6nnen wir im Wettbewerb um komplexe Auftr\u00e4ge die Vorteile ausspielen, die wir uns durch die organisatorische und datentechnische Optimierung der eigenen internen Prozesse erarbeitet haben.<\/p>\n<p style=\"text-align: justify;\">Deshalb gilt f\u00fcr uns die Faustformel: Je komplizierter die Anforderungen des Marktes, und je h\u00f6her die Erwartungen an das Servicelevel, desto besser unsere Chancen!<\/p>\n<table style=\"border-collapse: collapse; width: 100%;\">\n<tbody>\n<tr>\n<td style=\"width: 25%;\">\n<h2 id=\"cc-m-header-12995463233\" class=\"\">Agentur<\/h2>\n<\/td>\n<td style=\"width: 25%;\">\n<h2 id=\"cc-m-header-12995464733\" class=\"\">Druckerei<\/h2>\n<\/td>\n<td style=\"width: 25%;\">\n<h2 id=\"cc-m-header-12995464933\" class=\"\">Logistik<\/h2>\n<\/td>\n<td style=\"width: 25%;\">\n<h2 id=\"cc-m-header-12995465833\" class=\"\">e-box-one<\/h2>\n<\/td>\n<\/tr>\n<tr>\n<td style=\"width: 25%;\"><a href=\"https:\/\/www.buw.com\/?page_id=109\"><img loading=\"lazy\" decoding=\"async\" class=\"alignnone wp-image-127 size-full\" src=\"https:\/\/www.buw.com\/wp-content\/uploads\/2022\/03\/agentur.klein_.jpg\" alt=\"\" width=\"222\" height=\"111\" srcset=\"https:\/\/www.buw.com\/wp-content\/uploads\/2022\/03\/agentur.klein_.jpg 222w, https:\/\/www.buw.com\/wp-content\/uploads\/2022\/03\/agentur.klein_-150x75.jpg 150w\" sizes=\"auto, (max-width: 222px) 100vw, 222px\" \/><\/a><\/td>\n<td style=\"width: 25%;\"><a href=\"https:\/\/www.buw.com\/?page_id=56\"><img loading=\"lazy\" decoding=\"async\" class=\"alignnone wp-image-126 size-full\" src=\"https:\/\/www.buw.com\/wp-content\/uploads\/2022\/03\/druckerei.klein_.jpg\" alt=\"\" width=\"222\" height=\"111\" srcset=\"https:\/\/www.buw.com\/wp-content\/uploads\/2022\/03\/druckerei.klein_.jpg 222w, https:\/\/www.buw.com\/wp-content\/uploads\/2022\/03\/druckerei.klein_-150x75.jpg 150w\" sizes=\"auto, (max-width: 222px) 100vw, 222px\" \/><\/a><\/td>\n<td style=\"width: 25%;\"><a href=\"https:\/\/www.buw.com\/?page_id=147\"><img loading=\"lazy\" decoding=\"async\" class=\"alignnone wp-image-125 size-full\" src=\"https:\/\/www.buw.com\/wp-content\/uploads\/2022\/03\/logistik.klein_.jpg\" alt=\"\" width=\"213\" height=\"107\" srcset=\"https:\/\/www.buw.com\/wp-content\/uploads\/2022\/03\/logistik.klein_.jpg 213w, https:\/\/www.buw.com\/wp-content\/uploads\/2022\/03\/logistik.klein_-150x75.jpg 150w\" sizes=\"auto, (max-width: 213px) 100vw, 213px\" \/><\/a><\/td>\n<td style=\"width: 25%;\"><a href=\"https:\/\/www.buw.com\/?page_id=138\"><img loading=\"lazy\" decoding=\"async\" class=\"alignnone wp-image-124 size-full\" src=\"https:\/\/www.buw.com\/wp-content\/uploads\/2022\/03\/e-box.klein_.jpg\" alt=\"\" width=\"215\" height=\"108\" srcset=\"https:\/\/www.buw.com\/wp-content\/uploads\/2022\/03\/e-box.klein_.jpg 215w, https:\/\/www.buw.com\/wp-content\/uploads\/2022\/03\/e-box.klein_-150x75.jpg 150w\" sizes=\"auto, (max-width: 215px) 100vw, 215px\" \/><\/a><\/td>\n<\/tr>\n<tr>\n<td style=\"width: 25%; vertical-align: top; text-align: left;\">Als Werbeagentur bieten wir Ihnen die notwendigen Kompetenzen, das Fachwissen und die Erfahrung zur Optimierung Ihrer gesamten Kommunikationspolitik und darauf abgestimmter Marketingstrategien.<br \/>\n<span style=\"font-family: 'Source Sans Pro';\">Zu diesem Know-how geh\u00f6ren auch alle konzeptionellen, kreativen, technischen und organisatorischen Kompetenzen zur Entwicklung und Umsetzung kosteneffizienter und wirksamer Werbeaktivit\u00e4ten.<\/span><\/td>\n<td style=\"width: 25%; vertical-align: top; text-align: left;\">Machen wir Ihnen und uns selbst nichts vor! Modern ausgestattete Druckereien mit gut ausgebildeten Fachkr\u00e4ften gibt es viele. Nat\u00fcrlich z\u00e4hlen wir dazu. Was uns aber hervor-hebt, ist die Integration der Druckerei in das Kompetenz-Geflecht eines umfassenden Medienunternehmens. Grafiker, Texter, Werbekaufleute, Projektmanager etc. sitzen nebenan und stehen jederzeit zur Verf\u00fcgung, wenn in der Druckerei Fragen, Unsicherheiten oder Probleme auftauchen!<\/td>\n<td style=\"width: 25%; vertical-align: top; text-align: left;\">Die Ausnahme: Wir produzieren eine Drucksache und liefern sie komplett an eine einzige Adresse aus.<br \/>\n<span style=\"font-family: 'Source Sans Pro';\">Die Regel: Wir produzieren Drucksachen, um sie dann in Teilmengen an zig Empf\u00e4nger zu versenden (z.B. aktuelle Angebotsplakate an die Filialen eines Kunden).<br \/>\n<\/span><span style=\"font-family: 'Source Sans Pro';\">Oder: Wir produzieren Drucksachen in hohen Auflagen, lagern sie ein und versenden sie auf Abruf an die Filialen, Niederlassungen oder Abteilungen unserer Kunden.<\/span><\/td>\n<td style=\"width: 25%; vertical-align: top; text-align: left;\">Unser ausgekl\u00fcgeltes Online-Bestell- und Shopsystem &#8222;e-box-one&#8220; setzt Ma\u00dfst\u00e4be f\u00fcr die komfortable und kosten-senkende Warenbeschaffung. Die extrem komplexe\u00a0Plattform integriert in gewisser Weise alle Leistungsbereiche von\u00a0<em><strong>B&amp;W<\/strong><\/em> : Kreation, Druck und Produktion, Wareneinkauf, Lagerung und IT-Dienstleistungen. Mit der<br \/>\ne-box-one lassen Sie\u00a0ganz\u00a0<strong><em>B&amp;W<\/em><\/strong>\u00a0 f\u00fcr\u00a0sich tanzen, ohne dass Sie das merken. Sie selbst benutzen nur eine\u00a0 bequeme, und \u00fcberaus funktionsgewaltige Software!<\/td>\n<\/tr>\n<\/tbody>\n<\/table>\n","protected":false},"excerpt":{"rendered":"<p>Das waren noch Zeiten! Ein Kunde bestellt 100.000 Briefb\u00f6gen. Wir drucken sie, packen sie auf eine Europalette, und dann ab damit zur Warenannahme unseres Kunden! Heute sehen die Auftr\u00e4ge anders aus: Wir produzieren 100.000 Briefbogenvordrucke und lagern sie ein. In den Folgewochen und -monaten bestellen die Filialen unseres Kunden mal&#8230;<\/p>\n<p> <a class=\"continue-reading-link\" href=\"https:\/\/www.buw.com\/?page_id=120\"><span>Continue reading<\/span><i class=\"crycon-right-dir\"><\/i><\/a> <\/p>\n","protected":false},"author":1,"featured_media":0,"parent":0,"menu_order":0,"comment_status":"closed","ping_status":"closed","template":"","meta":{"footnotes":""},"class_list":["post-120","page","type-page","status-publish","hentry"],"_links":{"self":[{"href":"https:\/\/www.buw.com\/index.php?rest_route=\/wp\/v2\/pages\/120","targetHints":{"allow":["GET"]}}],"collection":[{"href":"https:\/\/www.buw.com\/index.php?rest_route=\/wp\/v2\/pages"}],"about":[{"href":"https:\/\/www.buw.com\/index.php?rest_route=\/wp\/v2\/types\/page"}],"author":[{"embeddable":true,"href":"https:\/\/www.buw.com\/index.php?rest_route=\/wp\/v2\/users\/1"}],"replies":[{"embeddable":true,"href":"https:\/\/www.buw.com\/index.php?rest_route=%2Fwp%2Fv2%2Fcomments&post=120"}],"version-history":[{"count":20,"href":"https:\/\/www.buw.com\/index.php?rest_route=\/wp\/v2\/pages\/120\/revisions"}],"predecessor-version":[{"id":287,"href":"https:\/\/www.buw.com\/index.php?rest_route=\/wp\/v2\/pages\/120\/revisions\/287"}],"wp:attachment":[{"href":"https:\/\/www.buw.com\/index.php?rest_route=%2Fwp%2Fv2%2Fmedia&parent=120"}],"curies":[{"name":"wp","href":"https:\/\/api.w.org\/{rel}","templated":true}]}}