{"id":138,"date":"2022-03-18T12:18:45","date_gmt":"2022-03-18T11:18:45","guid":{"rendered":"https:\/\/buw.com\/?page_id=138"},"modified":"2022-03-23T15:27:45","modified_gmt":"2022-03-23T14:27:45","slug":"corporate-procurement-mit-e-box-one","status":"publish","type":"page","link":"https:\/\/www.buw.com\/?page_id=138","title":{"rendered":"Corporate Procurement mit e-box-one:"},"content":{"rendered":"<p style=\"text-align: justify;\">e-box-one ist im Kern eine extrem komplexe Software, mit der sich alle Prozesse der Produktion, Bestellung und Abrechnung von Drucksachen, Verbrauchsmaterialien und sonstigen Waren steuern und kontrollieren lassen. Selbst die Bestellung, Gestaltung und Abwicklung komplexer Marketingaktionen (individualisierte Anzeigenschaltungen oder personalisierte Kundenmailings etc.) k\u00f6nnen \u00fcber diese Plattform abgewickelt werden. Die Software erm\u00f6glicht zugleich die dezentrale CI-konforme Individualisierung von &#8222;Mustervorlagen&#8220; wie Visitenkarten, Briefb\u00f6gen, Speisekarten bis hin zu aufw\u00e4ndigeren Drucksachen wie Prospekten, Preislisten etc. Gekoppelt ist dies mit sehr differenzierten Tools zur Bestellfreigabe und Budgetkontrolle und Schnittstellen zur elektronischen \u00dcbermittlung und Verarbeitung aller relevanten Buchhaltungsdaten und statistischen Auswertungen.<\/p>\n<p style=\"text-align: justify;\">Die Softwarel\u00f6sung wendet sich insbesondere an Filialisten und Konzerne mit zentralem Einkauf und dezentralem Abruf von Waren.<\/p>\n<p style=\"text-align: justify;\">e-box-one bildet eine kostensenkende Gesamtl\u00f6sung f\u00fcr die komplette Drucksachen- und Materiallogistik Ihres Unternehmens. Das \u00fcberzeugende Full-Service-Angebot f\u00fcr komfortables Corporate-Procurement wird bereits von vielen renommierten Konzernen genutzt.<\/p>\n<p style=\"text-align: justify;\"><strong>Am einfachsten und bequemsten: Vereinbaren Sie einfach kurzfristig einen Pr\u00e4sentationstermin!<\/strong><\/p>\n<table style=\"border-collapse: collapse; width: 100%;\">\n<tbody>\n<tr>\n<td style=\"width: 50%;\">\n<h2 id=\"cc-m-header-12988692933\" class=\"\">Flexibel und individuell\u00a0f\u00fcr Sie ma\u00dfgeschneidert!<\/h2>\n<\/td>\n<td style=\"width: 50%;\">\n<h2 id=\"cc-m-header-12988693133\" class=\"\">Kleinmengen abrufen &#8211;<br \/>\nGro\u00dfmengen-Preise zahlen<\/h2>\n<\/td>\n<\/tr>\n<tr>\n<td style=\"width: 50%; vertical-align: top; text-align: left;\">e-box-one ist eine von uns selbst entwickelte und programmierte Software. Damit verf\u00fcgen wir \u00fcber alle M\u00f6glichkeiten, die ganz speziellen W\u00fcnsche und Anforderungen Ihres Unternehmens umzusetzen und\u00a0zu integrieren. Das gilt nicht nur f\u00fcr die graphische Oberfl\u00e4che, sondern nat\u00fcrlich auch f\u00fcr alle inhaltlichen und prozessualen Sonderw\u00fcnsche.<\/td>\n<td style=\"width: 50%; vertical-align: top; text-align: left;\">Um die Produktionskosten f\u00fcr Ihre Werbe- und Gesch\u00e4ftsdrucksachen, Werbeartikel und sonstigen Verbrauchsmaterialien\u00a0massiv zu senken, bestellen Sie einfach Bedarfsmengen f\u00fcr einen l\u00e4ngeren Zeitraum. Wir lagern die Artikel f\u00fcr Sie ein und versenden sie auf Abruf an Ihre Filialen, Niederlassung oder Gesch\u00e4ftsstellen &#8211; auf Wunsch: weltweit!<\/td>\n<\/tr>\n<\/tbody>\n<\/table>\n","protected":false},"excerpt":{"rendered":"<p>e-box-one ist im Kern eine extrem komplexe Software, mit der sich alle Prozesse der Produktion, Bestellung und Abrechnung von Drucksachen, Verbrauchsmaterialien und sonstigen Waren steuern und kontrollieren lassen. Selbst die Bestellung, Gestaltung und Abwicklung komplexer Marketingaktionen (individualisierte Anzeigenschaltungen oder personalisierte Kundenmailings etc.) k\u00f6nnen \u00fcber diese Plattform abgewickelt werden. Die Software&#8230;<\/p>\n<p> <a class=\"continue-reading-link\" href=\"https:\/\/www.buw.com\/?page_id=138\"><span>Continue reading<\/span><i class=\"crycon-right-dir\"><\/i><\/a> <\/p>\n","protected":false},"author":1,"featured_media":0,"parent":0,"menu_order":0,"comment_status":"closed","ping_status":"closed","template":"","meta":{"footnotes":""},"class_list":["post-138","page","type-page","status-publish","hentry"],"_links":{"self":[{"href":"https:\/\/www.buw.com\/index.php?rest_route=\/wp\/v2\/pages\/138","targetHints":{"allow":["GET"]}}],"collection":[{"href":"https:\/\/www.buw.com\/index.php?rest_route=\/wp\/v2\/pages"}],"about":[{"href":"https:\/\/www.buw.com\/index.php?rest_route=\/wp\/v2\/types\/page"}],"author":[{"embeddable":true,"href":"https:\/\/www.buw.com\/index.php?rest_route=\/wp\/v2\/users\/1"}],"replies":[{"embeddable":true,"href":"https:\/\/www.buw.com\/index.php?rest_route=%2Fwp%2Fv2%2Fcomments&post=138"}],"version-history":[{"count":8,"href":"https:\/\/www.buw.com\/index.php?rest_route=\/wp\/v2\/pages\/138\/revisions"}],"predecessor-version":[{"id":290,"href":"https:\/\/www.buw.com\/index.php?rest_route=\/wp\/v2\/pages\/138\/revisions\/290"}],"wp:attachment":[{"href":"https:\/\/www.buw.com\/index.php?rest_route=%2Fwp%2Fv2%2Fmedia&parent=138"}],"curies":[{"name":"wp","href":"https:\/\/api.w.org\/{rel}","templated":true}]}}