{"id":159,"date":"2022-03-18T13:00:58","date_gmt":"2022-03-18T12:00:58","guid":{"rendered":"https:\/\/buw.com\/?page_id=159"},"modified":"2025-11-17T13:25:10","modified_gmt":"2025-11-17T12:25:10","slug":"neue-perspektiven-spannende-herausforderungen","status":"publish","type":"page","link":"https:\/\/www.buw.com\/?page_id=159","title":{"rendered":"Neue Perspektiven. Spannende Herausforderungen."},"content":{"rendered":"<div id=\"cc-m-13010258133\" class=\"j-module n j-text \">\n<p>Als Full-Service-Werbeagentur mit angegliederter Bogenoffset- und Digitaldruckerei, umfassenden Logistikdiensten und einem expandierenden Werbemittelhandel sind wir st\u00e4ndig auf der Suche nach au\u00dfergew\u00f6hnlich talentierten, motivierten und engagierten Kolleginnen und Kollegen in allen Unternehmensbereichen.<\/p>\n<p>Laden Sie Ihre Bewerbung doch einfach\u00a0<strong><a title=\"https:\/\/www.mailing-buw.com\/index.php\/s\/4JbcdCyo2Me9E26\" href=\"https:\/\/www.mailing-buw.com\/index.php\/s\/4JbcdCyo2Me9E26\" target=\"_blank\" rel=\"noopener\">hier hoch<\/a>.<\/strong><\/p>\n<\/div>\n<div id=\"cc-m-13063161633\" class=\"j-module n j-header \">\n<h3 id=\"cc-m-header-13063161633\">Unsere aktuellen Stellenangebote<\/h3>\n<\/div>\n<div id=\"cc-m-13063162033\" class=\"j-module n j-text \">\n<p>Tanzen Sie gerne aus der Reihe? Wir versprechen Ihnen einen spannenden Job im Kreis zielorientiert arbeitender Kolleginnen und Kollegen. F\u00fcr unseren Standort Bochum-Wattenscheid suchen wir Verst\u00e4rkung f\u00fcr unser Team.<\/p>\n<\/div>\n<div id=\"cc-m-13063162033\" class=\"j-module n j-text \">\n<hr \/>\n<h3><img loading=\"lazy\" decoding=\"async\" class=\"alignnone wp-image-366\" src=\"https:\/\/www.buw.com\/wp-content\/uploads\/2022\/10\/Pfeil-rechts.png\" alt=\"\" width=\"20\" height=\"20\" \/> Innendienstmitarbeiter:in f\u00fcr den Werbemittelvertrieb (m\/w\/d)<\/h3>\n<p><strong><br \/>\nIhre Aufgaben:<\/strong><\/p>\n<p>Zu Ihrem Aufgabenbereich z\u00e4hlt die Betreuung von Bestandskunden und die Erstellung von Angeboten sowie deren Verfolgung Beratung im Bereich Werbeanbringungsm\u00f6glichkeiten sowie Erfassung und Abwicklung eingehender Auftr\u00e4ge\u00a0Teilnahme an fachbezogenen Messen.<\/p>\n<p><strong>Voraussetzungen:<\/strong><\/p>\n<ul>\n<li>Sie haben eine kaufm\u00e4nnische Ausbildung (zum\/zur Gro\u00df- und Au\u00dfenhandelskaufmann\/frau, gern auch Quereinsteiger\/innen mit Berufserfahrung)<\/li>\n<li>Erste Berufserfahrung in der Werbemittelbranche und Vertrieb<\/li>\n<li>Erfahrung mit der Werbemittelsoftware CDH sowie gute Office-Kenntnisse<\/li>\n<li>Sie haben gute kommunikative F\u00e4higkeiten und sprachliches Ausdrucksverm\u00f6gen, sowie Freude am Verkauf<\/li>\n<li>Sie verf\u00fcgen \u00fcber gute Englischkenntnisse<\/li>\n<li>Sie \u00fcberzeugen durch eine organisierte, strukturierte und selbstst\u00e4ndige Arbeitsweise<\/li>\n<li>Ein hohes Ma\u00df an Eigeninitiative, Einsatzbereitschaft sowie Ziel- und Ergebnisorientierung runden Ihr Profil ab<\/li>\n<\/ul>\n<p><strong>Das bieten wir Ihnen:<\/strong><\/p>\n<ul>\n<li>Sie haben die M\u00f6glichkeit mit uns zu wachsen und neue Bereiche mit aufzubauen<\/li>\n<li>Eine abwechslungsreiche, herausfordernde T\u00e4tigkeit in einem netten Team<\/li>\n<li>Eine lebendige Firmenstruktur mit flachen Hierarchien und kurzen Entscheidungswegen<\/li>\n<\/ul>\n<hr \/>\n<h3><img loading=\"lazy\" decoding=\"async\" class=\"alignnone wp-image-366\" src=\"https:\/\/www.buw.com\/wp-content\/uploads\/2022\/10\/Pfeil-rechts.png\" alt=\"\" width=\"20\" height=\"20\" \/>\u00a0Versandmitarbeiter:innen \/ Logistik-Mitarbeiter:innen \/ Kommissionierer:innen (m\/w\/d)<\/h3>\n<p>F\u00fcr unseren hochmodernen Druckereibetrieb in Bochum-Wattenscheid (Bogenoffset \/ Digitaldruck \/ Drucksachenlogistik) suchen wir zum n\u00e4chstm\u00f6glichen Zeitpunkt in Vollzeit mehrere<\/p>\n<p><strong>Ihre Aufgaben:<\/strong><\/p>\n<ul>\n<li>Selbstst\u00e4ndige Bearbeitung von Warensendungen<\/li>\n<li>Bearbeitung von Versandauftr\u00e4gen im ERP-System Navision \/ Business Central<\/li>\n<li>Zusammenarbeit mit Kurieren und Speditionen<\/li>\n<li>Erstellung von Packlisten und Speditionsauftr\u00e4gen<\/li>\n<li>Eingabe von KEP-Sendungen im den entsprechenden Online-Systemen<\/li>\n<li>Teilnahme an Inventuren<\/li>\n<li>Allgemeine Versand- und Lagert\u00e4tigkeiten<\/li>\n<\/ul>\n<p><strong>Das bringen Sie mit:<\/strong><\/p>\n<ul>\n<li>im Idealfall eine erfolgreich abgeschlossene Ausbildung als Fachkraft f\u00fcr Lagerlogistik (m\/w\/d)<\/li>\n<li>Mehrj\u00e4hrige Berufserfahrung im Versandwesen (zwingend notwendig)<\/li>\n<li>Erfahrung im Umgang mit ERP-Systemen<\/li>\n<li>Eigenst\u00e4ndiges Arbeiten<\/li>\n<li>Organisationstalent, Flexibilit\u00e4t und Belastbarkeit<\/li>\n<li>Gute Deutschkenntnisse in Wort und Schrift<\/li>\n<li>Kenntnisse im Umgang mit MS Office Produkten (Word, Excel) w\u00fcnschenswert<\/li>\n<li>G\u00fcltiger PKW-F\u00fchrerschein von Vorteil<\/li>\n<li>Staplerfahrerlaubnis von Vorteil<\/li>\n<\/ul>\n<p><strong>Das bieten wir Ihnen:<\/strong><\/p>\n<ul>\n<li>Sie haben die M\u00f6glichkeit mit uns zu wachsen und neue Bereiche mit aufzubauen<\/li>\n<li>Eine abwechslungsreiche, herausfordernde T\u00e4tigkeit in einem netten Team<\/li>\n<li>Eine lebendige Firmenstruktur mit flachen Hierarchien und kurzen Entscheidungswegen<\/li>\n<\/ul>\n<hr \/>\n<h3><img loading=\"lazy\" decoding=\"async\" class=\"alignnone wp-image-366\" src=\"https:\/\/www.buw.com\/wp-content\/uploads\/2022\/10\/Pfeil-rechts.png\" alt=\"\" width=\"20\" height=\"20\" \/> Medientechnologe\/ -technologin Offsetdruck (m\/w\/d) \u00b7 Heidelberg Druckmaschinen<\/h3>\n<p>F\u00fcr unseren modernen Heidelberg-Druckmaschinenpark suchen wir zum n\u00e4chstm\u00f6glichen Zeitpunkt einen Offsetdrucker\/-in (m\/w\/d) f\u00fcr folgende Heidelberg-Druckmaschinen: Heidelberg XL-106, Heidelberg Speedmaster 102, Heidelberg Speedmaster 52<\/p>\n<p><strong>Ihre Aufgaben:<\/strong><\/p>\n<ul>\n<li>Einrichten und Bedienen der Offsetdruckmaschine<\/li>\n<li>Eigenst\u00e4ndige Abwicklung von Druckauftr\u00e4gen hinsichtlich Menge und Qualit\u00e4t<\/li>\n<li>Pflege und Wartung der Maschinen<\/li>\n<\/ul>\n<p><strong>Ihre Qualifikation:<\/strong><\/p>\n<ul>\n<li>Abgeschlossene Berufsausbildung und Berufserfahrung im mehrfarbigen Offsetdruck<\/li>\n<li>Lust auf eine spannende und abwechslungsreiche T\u00e4tigkeit<\/li>\n<li>Selbstst\u00e4ndiges Arbeiten und Arbeitsweise im Team<\/li>\n<li>Verl\u00e4ssliches und qualit\u00e4tsbewusstes Arbeiten<\/li>\n<\/ul>\n<p><strong>Voraussetzungen:<\/strong><\/p>\n<ul>\n<li>Sie haben einen erfolgreichen Berufsabschluss als Medientechnologe\/ -technologin Offsetdruck (m\/w\/d)<\/li>\n<li>Sie verf\u00fcgen \u00fcber Berufserfahrung<\/li>\n<li>Sie verf\u00fcgen \u00fcber Expertenkenntnisse in:<br \/>\nAkzidenzdruck, Andruck, Arbeitsvorbereitung, Bogendruck, Flachdruck, Offsetdruck, Maschineneinrichtung, Anlageneinrichtung, Maschinenf\u00fchrung, Anlagenf\u00fchrung\/-bedienung, Qualit\u00e4tspr\u00fcfung, Qualit\u00e4tssicherung, Ton-, Farbwertkorrigieren<\/li>\n<li>Sie verf\u00fcgen \u00fcber Grundkenntnisse in:<br \/>\nWartung, Reparatur, Instandhaltung<\/li>\n<li>Sie arbeiten in Schichtarbeit<\/li>\n<\/ul>\n<p><strong>Das bieten wir Ihnen:<\/strong><\/p>\n<ul>\n<li>Sie haben die M\u00f6glichkeit mit uns zu wachsen und neue Bereiche mit aufzubauen<\/li>\n<li>Eine abwechslungsreiche, herausfordernde T\u00e4tigkeit in einem netten Team<\/li>\n<li>Eine lebendige Firmenstruktur mit flachen Hierarchien und kurzen Entscheidungswegen<\/li>\n<\/ul>\n<div id=\"cc-m-13063162033\" class=\"j-module n j-text \">\n<hr \/>\n<\/div>\n<h3><img loading=\"lazy\" decoding=\"async\" class=\"alignnone wp-image-366\" src=\"https:\/\/www.buw.com\/wp-content\/uploads\/2022\/10\/Pfeil-rechts.png\" alt=\"\" width=\"20\" height=\"20\" \/> Vertriebsinnendienst (m\/w\/d) &#8211; Kalkulation von Druckprodukten<strong><br \/>\n<\/strong><\/h3>\n<p>Unseren Kunden bieten wir einen umfassenden Service im Gesamtbereich des Werbe- und Gesch\u00e4ftsdrucksachensektors (Gestaltung, Druck, Verarbeitung, Lagerung, Logistik etc.) und im Werbemittelhandel. Basierend auf unserer Internet-Software \u201ee-box-one\u201c verf\u00fcgen wir zudem \u00fcber eine f\u00fchrende Online-L\u00f6sung f\u00fcr die gesamte Drucksachenlogistik von Filialunternehmen. Auch deshalb z\u00e4hlen seit drei Jahrzehnten internationale Hotelkonzerne, Reiseb\u00fcroketten sowie bundesweit und international agierende Filialisten aus allen Branchen zu unseren Stammkunden.<\/p>\n<p><strong>Voraussetzungen:<br \/>\n<\/strong><\/p>\n<ul>\n<li>eine abgeschlossene Aus- und\/oder Weiterbildung in der Druck- und Medienindustrie<\/li>\n<li>Kalkulationserfahrung dringend erw\u00fcnscht, bestenfalls im Programm Prinance<\/li>\n<li>sicherer Umgang mit den aktuellen MS Office-Programmen<\/li>\n<li>selbstst\u00e4ndiges, l\u00f6sungsorientiertes Arbeiten mit hohem Qualit\u00e4tsbewusstsein und Zuverl\u00e4ssigkeit<\/li>\n<li>Betreuung und Beratung von Bestandskunden<\/li>\n<li>Teamkompetenz in der Zusammenarbeit mit einem leistungsf\u00e4higen Back-Office-Team<\/li>\n<\/ul>\n<p><strong>Das bieten wir Ihnen:<br \/>\n<\/strong><\/p>\n<ul>\n<li>Sie haben die M\u00f6glichkeit mit uns zu wachsen und neue Bereiche mit aufzubauen<\/li>\n<li>Eine abwechslungsreiche, herausfordernde T\u00e4tigkeit in einem netten Team<\/li>\n<li>Eine lebendige Firmenstruktur mit flachen Hierarchien und kurzen Entscheidungswegen.<\/li>\n<\/ul>\n<hr \/>\n<\/div>\n<div id=\"cc-m-13063162033\" class=\"j-module n j-text \">\n<p>Wenn Sie sich angesprochen f\u00fchlen, laden Sie Ihre aussagekr\u00e4ftigen Bewerbungsunterlagen mit Ihren Gehaltsvorstellungen unter folgendem Link hoch.<a title=\"https:\/\/www.mailing-buw.com\/index.php\/s\/JErsm78TrJWGLNb\" href=\"https:\/\/www.mailing-buw.com\/index.php\/s\/JErsm78TrJWGLNb\" target=\"_blank\" rel=\"noopener\"><strong>Bitte hier Ihre Bewerbung hochladen<\/strong><\/a><\/p>\n<\/div>\n","protected":false},"excerpt":{"rendered":"<p>Als Full-Service-Werbeagentur mit angegliederter Bogenoffset- und Digitaldruckerei, umfassenden Logistikdiensten und einem expandierenden Werbemittelhandel sind wir st\u00e4ndig auf der Suche nach au\u00dfergew\u00f6hnlich talentierten, motivierten und engagierten Kolleginnen und Kollegen in allen Unternehmensbereichen. Laden Sie Ihre Bewerbung doch einfach\u00a0hier hoch. Unsere aktuellen Stellenangebote Tanzen Sie gerne aus der Reihe? Wir versprechen Ihnen&#8230;<\/p>\n<p> <a class=\"continue-reading-link\" href=\"https:\/\/www.buw.com\/?page_id=159\"><span>Continue reading<\/span><i class=\"crycon-right-dir\"><\/i><\/a> <\/p>\n","protected":false},"author":1,"featured_media":0,"parent":0,"menu_order":0,"comment_status":"closed","ping_status":"closed","template":"","meta":{"footnotes":""},"class_list":["post-159","page","type-page","status-publish","hentry"],"_links":{"self":[{"href":"https:\/\/www.buw.com\/index.php?rest_route=\/wp\/v2\/pages\/159","targetHints":{"allow":["GET"]}}],"collection":[{"href":"https:\/\/www.buw.com\/index.php?rest_route=\/wp\/v2\/pages"}],"about":[{"href":"https:\/\/www.buw.com\/index.php?rest_route=\/wp\/v2\/types\/page"}],"author":[{"embeddable":true,"href":"https:\/\/www.buw.com\/index.php?rest_route=\/wp\/v2\/users\/1"}],"replies":[{"embeddable":true,"href":"https:\/\/www.buw.com\/index.php?rest_route=%2Fwp%2Fv2%2Fcomments&post=159"}],"version-history":[{"count":59,"href":"https:\/\/www.buw.com\/index.php?rest_route=\/wp\/v2\/pages\/159\/revisions"}],"predecessor-version":[{"id":526,"href":"https:\/\/www.buw.com\/index.php?rest_route=\/wp\/v2\/pages\/159\/revisions\/526"}],"wp:attachment":[{"href":"https:\/\/www.buw.com\/index.php?rest_route=%2Fwp%2Fv2%2Fmedia&parent=159"}],"curies":[{"name":"wp","href":"https:\/\/api.w.org\/{rel}","templated":true}]}}