{"id":163,"date":"2022-03-18T13:03:19","date_gmt":"2022-03-18T12:03:19","guid":{"rendered":"https:\/\/buw.com\/?page_id=163"},"modified":"2025-03-11T08:45:45","modified_gmt":"2025-03-11T07:45:45","slug":"bw-druck-und-marketing-gmbh","status":"publish","type":"page","link":"https:\/\/www.buw.com\/?page_id=163","title":{"rendered":"B&#038;W Druck und Marketing GmbH"},"content":{"rendered":"<table style=\"border-collapse: collapse; width: 100%;\">\n<tbody>\n<tr>\n<td style=\"width: 31.5951%; vertical-align: top;\"><img loading=\"lazy\" decoding=\"async\" class=\"alignleft wp-image-164 size-medium\" src=\"https:\/\/www.buw.com\/wp-content\/uploads\/2022\/03\/zeche.klein_-1-300x159.jpg\" alt=\"\" width=\"300\" height=\"159\" srcset=\"https:\/\/www.buw.com\/wp-content\/uploads\/2022\/03\/zeche.klein_-1-300x159.jpg 300w, https:\/\/www.buw.com\/wp-content\/uploads\/2022\/03\/zeche.klein_-1-150x80.jpg 150w, https:\/\/www.buw.com\/wp-content\/uploads\/2022\/03\/zeche.klein_-1.jpg 303w\" sizes=\"auto, (max-width: 300px) 100vw, 300px\" \/><\/td>\n<td style=\"width: 26.4378%; vertical-align: top;\"><strong>Agentur, Druck und Logistik<\/strong><strong><br \/>\n<\/strong>Emil-Weitz-Stra\u00dfe 2<br \/>\n<span style=\"font-family: 'Source Sans Pro';\">44866 Bochum<\/span><\/p>\n<p>Tel.: +49 2327 548 &#8211; 0<br \/>\nFax: +49 2327 548 &#8211; 275<\/p>\n<p><a title=\"https:\/\/www.google.de\/maps\/place\/Emil-Weitz-Stra%C3%9Fe+2,+44866+Bochum\/@51.4832945,7.1258594,17z\/data=!3m1!4b1!4m5!3m4!1s0x47b8e74956971481:0x276683faeb717ff8!8m2!3d51.4832945!4d7.1280481?hl=de\" href=\"https:\/\/www.google.de\/maps\/place\/Emil-Weitz-Stra%C3%9Fe+2,+44866+Bochum\/@51.4832945,7.1258594,17z\/data=!3m1!4b1!4m5!3m4!1s0x47b8e74956971481:0x276683faeb717ff8!8m2!3d51.4832945!4d7.1280481?hl=de\" target=\"_blank\" rel=\"noopener\"><strong>Anfahrt &gt;&gt;<\/strong><\/a><br \/>\nMail: info at buw dot com<\/td>\n<td style=\"width: 59.0501%; vertical-align: top;\"><strong>H\u00fclswitt-Kundenbetreuung<\/strong><strong><br \/>\n<\/strong>Emil-Weitz-Stra\u00dfe 2<br \/>\n44866 Bochum<\/p>\n<p>Tel.: +49 2327 548 &#8211; 100<br \/>\nFax: +49 2327 548 &#8211; 275<\/p>\n<p><a href=\"https:\/\/www.google.de\/maps\/place\/Emil-Weitz-Stra%C3%9Fe+2,+44866+Bochum\/@51.4832945,7.1258594,17z\/data=!3m1!4b1!4m5!3m4!1s0x47b8e74956971481:0x276683faeb717ff8!8m2!3d51.4832945!4d7.1280481?hl=de\"><strong>Anfahrt &gt;&gt;<\/strong><\/a><br \/>\nMail: huelswitt at buw dot com<\/td>\n<\/tr>\n<\/tbody>\n<\/table>\n<p>&nbsp;<\/p>\n","protected":false},"excerpt":{"rendered":"<p>Agentur, Druck und Logistik Emil-Weitz-Stra\u00dfe 2 44866 Bochum Tel.: +49 2327 548 &#8211; 0 Fax: +49 2327 548 &#8211; 275 Anfahrt &gt;&gt; Mail: info at buw dot com H\u00fclswitt-Kundenbetreuung Emil-Weitz-Stra\u00dfe 2 44866 Bochum Tel.: +49 2327 548 &#8211; 100 Fax: +49 2327 548 &#8211; 275 Anfahrt &gt;&gt; Mail: huelswitt at&#8230;<\/p>\n<p> <a class=\"continue-reading-link\" href=\"https:\/\/www.buw.com\/?page_id=163\"><span>Continue reading<\/span><i class=\"crycon-right-dir\"><\/i><\/a> <\/p>\n","protected":false},"author":1,"featured_media":0,"parent":0,"menu_order":0,"comment_status":"closed","ping_status":"closed","template":"","meta":{"footnotes":""},"class_list":["post-163","page","type-page","status-publish","hentry"],"_links":{"self":[{"href":"https:\/\/www.buw.com\/index.php?rest_route=\/wp\/v2\/pages\/163","targetHints":{"allow":["GET"]}}],"collection":[{"href":"https:\/\/www.buw.com\/index.php?rest_route=\/wp\/v2\/pages"}],"about":[{"href":"https:\/\/www.buw.com\/index.php?rest_route=\/wp\/v2\/types\/page"}],"author":[{"embeddable":true,"href":"https:\/\/www.buw.com\/index.php?rest_route=\/wp\/v2\/users\/1"}],"replies":[{"embeddable":true,"href":"https:\/\/www.buw.com\/index.php?rest_route=%2Fwp%2Fv2%2Fcomments&post=163"}],"version-history":[{"count":26,"href":"https:\/\/www.buw.com\/index.php?rest_route=\/wp\/v2\/pages\/163\/revisions"}],"predecessor-version":[{"id":515,"href":"https:\/\/www.buw.com\/index.php?rest_route=\/wp\/v2\/pages\/163\/revisions\/515"}],"wp:attachment":[{"href":"https:\/\/www.buw.com\/index.php?rest_route=%2Fwp%2Fv2%2Fmedia&parent=163"}],"curies":[{"name":"wp","href":"https:\/\/api.w.org\/{rel}","templated":true}]}}