{"id":178,"date":"2022-03-18T13:25:29","date_gmt":"2022-03-18T12:25:29","guid":{"rendered":"https:\/\/buw.com\/?page_id=178"},"modified":"2022-03-22T13:05:11","modified_gmt":"2022-03-22T12:05:11","slug":"datenschutzerklaerung","status":"publish","type":"page","link":"https:\/\/www.buw.com\/?page_id=178","title":{"rendered":"Datenschutzerkl\u00e4rung"},"content":{"rendered":"<p>Der Datenschutz von personenbezogenen Daten und somit Ihrer Privatsph\u00e4re wird von uns sehr ernst genommen.<\/p>\n<p>B&amp;W Druck und Marketing GmbH als Betreiber dieser Internetseite m\u00f6chte Sie an dieser Stelle dar\u00fcber informieren, welche Daten wir speichern, wie wir sie verwenden und was es f\u00fcr Sie bedeutet, wenn Sie unsere personalisierbaren Dienste nutzen. Um den gr\u00f6\u00dftm\u00f6glichen Schutz Ihrer Privatsph\u00e4re zu gew\u00e4hrleisten, ist es f\u00fcr uns eine Selbstverst\u00e4ndlichkeit die Vorschriften \u00fcber den Datenschutz gem\u00e4\u00df dem Bundesdatenschutzgesetz und mit diesem verwandter Gesetze einzuhalten.<\/p>\n<p>Unsere Webseites k\u00f6nnen Links zu Webseiten anderer Anbieter enthalten, auf die sich die Datenschutzerkl\u00e4rung nicht erstreckt. Wir haben keinen Einfluss darauf, dass deren Betreiber die Datenschutzbestimmungen einhalten.<\/p>\n<p><strong>Welche Informationen werden bei uns erfasst und f\u00fcr welchen Zweck?<br \/>\n<\/strong>Mit Ihrem Zugriff auf unsere Website werden Daten, die eine Identifizierung erm\u00f6glichen gespeichert. Eine Auswertung der Daten, au\u00dfer f\u00fcr statistische Zwecke sowie zur Optimierung unseres Internetangebots in anonymisierter Form, findet nicht statt. Ihre pers\u00f6nlichen Daten, wie Name, Adresse, Postanschrift, Telefon-Nr. etc. werden von uns nur dann gespeichert, wenn Sie uns diese von sich aus angeben.<\/p>\n<p><strong>Datenschutz und allgemeine Bestimmungen<br \/>\n<\/strong>Die Erhebung und Verarbeitungen aller personenbezogenen Daten erfolgen nach den deutschen gesetzlichen Datenschutzbestimmungen. Es werden nur solche personenbezogenen Daten erhoben und an Partner weitergeleitet, die zur Abwicklung des jeweiligen Auftrages oder Vertrages erforderlich sind. Diese und unsere Mitarbeiter sind gem\u00e4\u00df Bundesdatenschutzgesetz auf das Datengeheimnis verpflichtet. Wir verwenden die erhobenen Daten ausschlie\u00dflich zur Abwicklung des Vertrages.<\/p>\n<p><strong>Widerruf und Einsichtsrecht<br \/>\n<\/strong>Sie sind berechtigt, auf Antrag und unentgeltlich, Auskunft \u00fcber die von Ihnen gespeicherten Daten zu erhalten. Des Weiteren haben Sie das Recht auf Berichtigung, L\u00f6schung oder Sperrung Ihrer Daten. Einer L\u00f6schung k\u00f6nnen unter Umst\u00e4nden gesetzliche Vorschriften, insbesondere im Hinblick auf Daten f\u00fcr abrechnungstechnische und buchhalterische Zwecke entgegenstehen. Die Daten werden gel\u00f6scht, soweit und solange nicht die Speicherung aus vorgenannten Gr\u00fcnden erforderlich ist. Dar\u00fcber hinaus k\u00f6nnen Sie der Speicherung Ihrer personenbezogenen Daten jederzeit widersprechen. Richten Sie Ihre vorstehenden Anfragen einfach an support@buw.com.<\/p>\n<p><strong>Datensicherheit<\/strong><br \/>\nB&amp;W Druck und Marketing GmbH hat die notwendigen technischen und organisatorischen Ma\u00dfnahmen ergriffen, um die von Ihnen zur Verf\u00fcgung gestellten personenbezogenen Daten vor Verlust, Zerst\u00f6rung, Manipulation und unberechtigtem Zugriff zu sch\u00fctzen.<\/p>\n<p>Um die Daten\u00fcbertragung zwischen Ihrem Web-Browser und unserem Internet-System sicher zu gestalten, setzen wir die Secure Socket Layer (SSL) Verschl\u00fcsselungstechnologie ein.<\/p>\n<p><strong>Datenschutzerkl\u00e4rung<br \/>\n<\/strong>B&amp;W Druck und Marketing GmbH verpflichtet sich, die oben genannten Punkte zum Datenschutz wie beschrieben einzuhalten.<\/p>\n<p class=\"n\"><strong>Hinweise zur Datenverarbeitung im Zusammenhang mit Google Analytics<br \/>\n<\/strong>Diese Website nutzt keine Analytics Dienste von Google.<\/p>\n","protected":false},"excerpt":{"rendered":"<p>Der Datenschutz von personenbezogenen Daten und somit Ihrer Privatsph\u00e4re wird von uns sehr ernst genommen. B&amp;W Druck und Marketing GmbH als Betreiber dieser Internetseite m\u00f6chte Sie an dieser Stelle dar\u00fcber informieren, welche Daten wir speichern, wie wir sie verwenden und was es f\u00fcr Sie bedeutet, wenn Sie unsere personalisierbaren Dienste&#8230;<\/p>\n<p> <a class=\"continue-reading-link\" href=\"https:\/\/www.buw.com\/?page_id=178\"><span>Continue reading<\/span><i class=\"crycon-right-dir\"><\/i><\/a> <\/p>\n","protected":false},"author":1,"featured_media":0,"parent":0,"menu_order":0,"comment_status":"closed","ping_status":"closed","template":"","meta":{"footnotes":""},"class_list":["post-178","page","type-page","status-publish","hentry"],"_links":{"self":[{"href":"https:\/\/www.buw.com\/index.php?rest_route=\/wp\/v2\/pages\/178","targetHints":{"allow":["GET"]}}],"collection":[{"href":"https:\/\/www.buw.com\/index.php?rest_route=\/wp\/v2\/pages"}],"about":[{"href":"https:\/\/www.buw.com\/index.php?rest_route=\/wp\/v2\/types\/page"}],"author":[{"embeddable":true,"href":"https:\/\/www.buw.com\/index.php?rest_route=\/wp\/v2\/users\/1"}],"replies":[{"embeddable":true,"href":"https:\/\/www.buw.com\/index.php?rest_route=%2Fwp%2Fv2%2Fcomments&post=178"}],"version-history":[{"count":2,"href":"https:\/\/www.buw.com\/index.php?rest_route=\/wp\/v2\/pages\/178\/revisions"}],"predecessor-version":[{"id":217,"href":"https:\/\/www.buw.com\/index.php?rest_route=\/wp\/v2\/pages\/178\/revisions\/217"}],"wp:attachment":[{"href":"https:\/\/www.buw.com\/index.php?rest_route=%2Fwp%2Fv2%2Fmedia&parent=178"}],"curies":[{"name":"wp","href":"https:\/\/api.w.org\/{rel}","templated":true}]}}