{"id":56,"date":"2022-03-17T15:18:26","date_gmt":"2022-03-17T14:18:26","guid":{"rendered":"https:\/\/buw.com\/?page_id=56"},"modified":"2023-08-17T07:16:25","modified_gmt":"2023-08-17T06:16:25","slug":"wir-koennen-mehr-als-drucken-wir-denken-mit","status":"publish","type":"page","link":"https:\/\/www.buw.com\/?page_id=56","title":{"rendered":"Wir k\u00f6nnen mehr als drucken: Wir denken mit!"},"content":{"rendered":"<p style=\"text-align: justify;\">Nach Feststellung des Wirtschaftsmagazins &#8222;Reviermanger&#8220; ist B&amp;W das zweitgr\u00f6\u00dfte Druckunternehmen (Bogenoffsetdruck) im Ruhrgebiet. Auf aktuell 6.500 m\u00b2 Betriebsfl\u00e4che erwirtschaften knapp 100 Mitarbeiterinnen und Mitarbeiter an zwei Standorten in Bochum Wattenscheid rund 20 Millionen EURO Umsatz. Dabei garantiert das r\u00e4umliche Nebeneinander von Offset- und Digitaldruckerei, Weiterverarbeitung, Grafikabteilung, Kreation und Projektsteuerung reibungslose, flexible und wirtschaftlich optimierte Prozesse. Vor allem aber stehen jederzeit Profis aus allen Bereichen zur Verf\u00fcgung, wenn beim Drucken Probleme oder Fragen auftauchen sollten. Andersherum betrachtet, bietet uns als Agentur der direkte Zugriff auf eigene Druckkapazit\u00e4ten vor allem bei zeitkritischen Werbe- und Marketingauftr\u00e4gen einen entscheidenden Vorteil. Zudem k\u00f6nnen auch unsere Kreativkr\u00e4fte von den Profis aus der Druckerei viel lernen. Das bewahrt sie davor, sich zu &#8222;verk\u00fcnsteln&#8220; und sich Dinge auszudenken, die sp\u00e4ter nicht produzierbar sind.<\/p>\n<p style=\"text-align: justify;\">Aktuell drucken wir auf 3 Offset-Maschinen im 3b-Format (Heidelberg XL 106 5 Farben plus Lack, Komori Lithrone 6 Farben plus Lack und Heidelberg Speedmaster 102 4 Farben mit Wendung), einer Speedmaster SM 52 5 Farben sowie 2 Digitaldruckmaschinen (HP Indigo und Konica-Minolta) Wir verarbeiten auf 4 Schnellschneidern, 5 Falzautomaten, einer Sanwa Stanzpresse, Heidelberg Tiegeln und Zylindern sowie auf 4 Hochleistungs-Sammelheftern.<\/p>\n<p style=\"text-align: justify;\">\u00dcbrigens ist unser Betrieb selbstverst\u00e4ndlich FSC\u00ae-zertifiziert. Auch der klimaneutrale Druck ist bereits seit langem Teil unseres Produktionsangebots.<\/p>\n<table class=\" alignleft\" style=\"height: 200px; width: 100%; border-collapse: collapse;\">\n<tbody>\n<tr style=\"height: 117px;\">\n<td style=\"width: 305.083px; height: 117px;\">\n<h3 id=\"cc-m-header-12988677933\">Wir machen so richtig Druck!<\/h3>\n<\/td>\n<td style=\"width: 281.5px; height: 117px;\">\n<h3 id=\"cc-m-header-13321152933\">Wir drucken alles au\u00dfer Banknoten<\/h3>\n<\/td>\n<td style=\"width: 281.517px; height: 117px;\">\n<h3 id=\"cc-m-header-12988678333\">Zertifizierte Nachhaltigkeit<\/h3>\n<\/td>\n<td style=\"width: 257.9px; height: 117px;\">\n<h3 id=\"cc-m-header-12988678333\">Zertifizierte Versandl\u00f6sung<\/h3>\n<\/td>\n<\/tr>\n<tr style=\"height: 765px;\">\n<td style=\"width: 305.083px; vertical-align: top; height: 221px;\">\n<p style=\"text-align: justify;\">In einem modernen Gewerbegebiet gelegen, k\u00f6nnen wir im effizienten Schichtbetrieb arbeiten. Auf enormer Betriebsfl\u00e4che verf\u00fcgen wir \u00fcber einen modernen Maschinenpark und gro\u00dfz\u00fcgige M\u00f6glichkeiten auf allen Stufen des Produktionsprozesses von Printprodukten:<\/p>\n<ul>\n<li><strong>Grafik und Druckvorstufe<\/strong><\/li>\n<li><strong>Druckmaschinen in drei Formatklassen<\/strong><\/li>\n<li><strong>Professionelle <\/strong><strong>Gro\u00dfformat-Plotter und Digitaldruckmaschinen<\/strong><\/li>\n<li><strong>Komplexe Weiterverarbeitungslinien (Stanzung, Falzung, Sammelheftung, Konfektionierung, etc.)<\/strong><\/li>\n<\/ul>\n<\/td>\n<td style=\"width: 281.5px; vertical-align: top; height: 221px;\">\n<p style=\"text-align: justify;\">Wir drucken, veredeln und verarbeiten die gesamte Palette an Printerzeugnissen und Werbemitteln. Wir tun dies in sehr unterschiedlichen Auflagen mit hoher Qualit\u00e4t und zu stets g\u00fcnstigen Preisen. Um nur einige Beispiele aus unserem breiten Produktionsangebot zu nennen:<\/p>\n<ul>\n<li><strong>Gesch\u00e4fts- und Werbedrucksachen<\/strong><\/li>\n<li><strong>B\u00fccher und Brosch\u00fcren<\/strong><\/li>\n<li><strong>Zeitschriften<\/strong><\/li>\n<li><strong>Kataloge und Prospekte<\/strong><\/li>\n<li><strong>Plakate und Werbeflyer<\/strong><\/li>\n<li><strong>Klapp- und Wickelfolder<\/strong><\/li>\n<li><strong>Aufkleber und Klebefolien<\/strong><\/li>\n<li><strong>Werbebanner<\/strong><\/li>\n<\/ul>\n<\/td>\n<td style=\"width: 281.517px; vertical-align: top; height: 221px;\">\n<p style=\"text-align: justify;\">FSC<sup>\u00ae<\/sup>\u00a0(Forest Stewardship Council<sup>\u00ae<\/sup>) ist ein internationales Zertifizierungssystem f\u00fcr nachhaltige Waldwirtschaft. Es garantiert, dass Holz- und Papierprodukte aus verantwortungsvoll bewirtschafteten W\u00e4ldern stammen. Dabei\u00a0sind\u00a0f\u00fcr die Waldbewirtschaftung sowohl Umwelt-\u00a0als auch Sozialstandards vorgeschrieben. Ihre Einhaltung wird streng \u00fcberwacht. FSC<sup>\u00ae<\/sup>\u00a0verhindert Raubbau, sch\u00fctzt Arten und beugt Verletzungen der Menschenrechte vor.<\/p>\n<p style=\"text-align: justify;\">F\u00fcr unsere Druckerei in Bochum haben wir die FSC<sup>\u00ae<\/sup>-Zertifizierung im Jahre 2010 erfolgreich absolviert (FSC<sup>\u00ae<\/sup>\u00a0C100041) und beraten Sie hierzu gerne und ausf\u00fchrlich.<\/p>\n<\/td>\n<td style=\"width: 257.9px; vertical-align: top; height: 221px;\">\n<p style=\"text-align: justify;\">B&amp;W Druck und Marketing GmbH hat im Zeitraum von August 2021 bis Dezember 2021 aktiv am Programm GLS KlimaProtect teilgenommen und damit den Paketversand \u00fcber die General Logistics Systems Germany GmbH &amp; Co. OHG klimaneutral abgewickelt.<\/p>\n<p>Die beim Pakettransport entstandenen CO2-Emmissionen werden durch Investitionen in ein extern zertifiziertes Waldschutz- und Aufforstungsprojekt (VCS\/CCB Standard) ausgeglichen.<\/td>\n<\/tr>\n<tr style=\"height: 124px;\">\n<td style=\"width: 305.083px; vertical-align: top; height: 124px;\">\n<div><\/div>\n<div>\n<div class=\"descriptionContainer\" data-name=\"download-description\">\n<div class=\"cc-m-download-title\"><a href=\"https:\/\/www.buw.com\/wp-content\/uploads\/2022\/03\/Maschinenpark-BW.pdf\" target=\"_blank\" rel=\"noopener\"><img loading=\"lazy\" decoding=\"async\" class=\"alignleft wp-image-88 size-full\" src=\"https:\/\/www.buw.com\/wp-content\/uploads\/2022\/03\/pdf.png\" alt=\"\" width=\"51\" height=\"51\" \/><\/a>Maschinenpark<\/div>\n<div class=\"cc-m-download-file\">\n<div class=\"cc-m-download-file-name\">Maschinenpark B&amp;W.pdf<\/div>\n<div class=\"cc-m-download-file-link\"><a class=\"cc-m-download-link\" href=\"https:\/\/www.buw.com\/wp-content\/uploads\/2023\/08\/Maschinenpark-BW.pdf\" target=\"_blank\" rel=\"noopener\">Download<\/a><\/div>\n<\/div>\n<\/div>\n<\/div>\n<\/td>\n<td style=\"width: 281.5px; vertical-align: top; height: 124px;\">\n<p style=\"text-align: justify;\">\n<\/td>\n<td style=\"width: 281.517px; vertical-align: top; height: 124px;\">\n<p style=\"text-align: justify;\"><img loading=\"lazy\" decoding=\"async\" class=\"alignnone wp-image-321 \" src=\"https:\/\/www.buw.com\/wp-content\/uploads\/2022\/06\/FSC_C100041_Promotional_with_text_Landscape_GreenOnWhite_r_wxM0sz-300x112.png\" alt=\"\" width=\"293\" height=\"109\" srcset=\"https:\/\/www.buw.com\/wp-content\/uploads\/2022\/06\/FSC_C100041_Promotional_with_text_Landscape_GreenOnWhite_r_wxM0sz-300x112.png 300w, https:\/\/www.buw.com\/wp-content\/uploads\/2022\/06\/FSC_C100041_Promotional_with_text_Landscape_GreenOnWhite_r_wxM0sz-768x287.png 768w, https:\/\/www.buw.com\/wp-content\/uploads\/2022\/06\/FSC_C100041_Promotional_with_text_Landscape_GreenOnWhite_r_wxM0sz-150x56.png 150w, https:\/\/www.buw.com\/wp-content\/uploads\/2022\/06\/FSC_C100041_Promotional_with_text_Landscape_GreenOnWhite_r_wxM0sz.png 1024w\" sizes=\"auto, (max-width: 293px) 100vw, 293px\" \/><\/p>\n<\/td>\n<td style=\"width: 257.9px; vertical-align: top; height: 124px;\"><a href=\"https:\/\/www.buw.com\/wp-content\/uploads\/2022\/06\/GLS_KlimaProtect.pdf\" target=\"_blank\" rel=\"noopener\"><img loading=\"lazy\" decoding=\"async\" class=\"alignnone wp-image-319\" src=\"https:\/\/www.buw.com\/wp-content\/uploads\/2022\/06\/GLS.png\" alt=\"\" width=\"85\" height=\"48\" srcset=\"https:\/\/www.buw.com\/wp-content\/uploads\/2022\/06\/GLS.png 200w, https:\/\/www.buw.com\/wp-content\/uploads\/2022\/06\/GLS-150x85.png 150w\" sizes=\"auto, (max-width: 85px) 100vw, 85px\" \/><\/a><a href=\"https:\/\/www.buw.com\/wp-content\/uploads\/2022\/06\/GLS_KlimaProtect.pdf\" target=\"_blank\" rel=\"noopener\"> \u00a0 Zertifikat<\/a><\/td>\n<\/tr>\n<\/tbody>\n<\/table>\n<p>&nbsp;<\/p>\n","protected":false},"excerpt":{"rendered":"<p>Nach Feststellung des Wirtschaftsmagazins &#8222;Reviermanger&#8220; ist B&amp;W das zweitgr\u00f6\u00dfte Druckunternehmen (Bogenoffsetdruck) im Ruhrgebiet. Auf aktuell 6.500 m\u00b2 Betriebsfl\u00e4che erwirtschaften knapp 100 Mitarbeiterinnen und Mitarbeiter an zwei Standorten in Bochum Wattenscheid rund 20 Millionen EURO Umsatz. Dabei garantiert das r\u00e4umliche Nebeneinander von Offset- und Digitaldruckerei, Weiterverarbeitung, Grafikabteilung, Kreation und Projektsteuerung reibungslose,&#8230;<\/p>\n<p> <a class=\"continue-reading-link\" href=\"https:\/\/www.buw.com\/?page_id=56\"><span>Continue reading<\/span><i class=\"crycon-right-dir\"><\/i><\/a> <\/p>\n","protected":false},"author":1,"featured_media":0,"parent":0,"menu_order":0,"comment_status":"closed","ping_status":"closed","template":"","meta":{"footnotes":""},"class_list":["post-56","page","type-page","status-publish","hentry"],"_links":{"self":[{"href":"https:\/\/www.buw.com\/index.php?rest_route=\/wp\/v2\/pages\/56","targetHints":{"allow":["GET"]}}],"collection":[{"href":"https:\/\/www.buw.com\/index.php?rest_route=\/wp\/v2\/pages"}],"about":[{"href":"https:\/\/www.buw.com\/index.php?rest_route=\/wp\/v2\/types\/page"}],"author":[{"embeddable":true,"href":"https:\/\/www.buw.com\/index.php?rest_route=\/wp\/v2\/users\/1"}],"replies":[{"embeddable":true,"href":"https:\/\/www.buw.com\/index.php?rest_route=%2Fwp%2Fv2%2Fcomments&post=56"}],"version-history":[{"count":81,"href":"https:\/\/www.buw.com\/index.php?rest_route=\/wp\/v2\/pages\/56\/revisions"}],"predecessor-version":[{"id":473,"href":"https:\/\/www.buw.com\/index.php?rest_route=\/wp\/v2\/pages\/56\/revisions\/473"}],"wp:attachment":[{"href":"https:\/\/www.buw.com\/index.php?rest_route=%2Fwp%2Fv2%2Fmedia&parent=56"}],"curies":[{"name":"wp","href":"https:\/\/api.w.org\/{rel}","templated":true}]}}